{"id":187,"date":"2025-10-29T15:51:05","date_gmt":"2025-10-29T14:51:05","guid":{"rendered":"https:\/\/influenceurs.ovh\/?page_id=187"},"modified":"2025-10-29T15:51:05","modified_gmt":"2025-10-29T14:51:05","slug":"a-decouvrir-les-chroniques-de-leco-anxieuse","status":"publish","type":"page","link":"https:\/\/influenceurs.ovh\/index.php\/a-decouvrir-les-chroniques-de-leco-anxieuse\/","title":{"rendered":"\u00c0 d\u00e9couvrir : les chroniques de l&rsquo;\u00e9co-anxieuse"},"content":{"rendered":"\n<p>Pour le <a href=\"https:\/\/le-gobelin-du-ternois.sumupstore.com\/cat%C3%A9gorie\/magazine-numerique\">Gobelin magazine<\/a>, j&rsquo;ai \u00e9crit \u00ab La chronique de l&rsquo;\u00e9co-anxieuse \u00bb pendant quelques mois. D\u00e9couvrez-les ici !<\/p>\n\n\n\n<p><em>Ma premi\u00e8re chronique \u00e9tait une lettre \u00e0 ma fille.<\/em><\/p>\n\n\n\n<div data-wp-interactive=\"\" class=\"wp-block-file\"><object data-wp-bind--hidden=\"!selectors.core.file.hasPdfPreview\" hidden class=\"wp-block-file__embed\" data=\"https:\/\/influenceurs.ovh\/wp-content\/uploads\/2025\/10\/Chronique-1-Lettre-a-Cesarine.pdf\" type=\"application\/pdf\" style=\"width:100%;height:600px\" aria-label=\"Contenu embarqu\u00e9 Chronique-1-Lettre-a-Cesarine.\"><\/object><a id=\"wp-block-file--media-d203bdfd-e95b-4031-9413-9f7cb4b02363\" href=\"https:\/\/influenceurs.ovh\/wp-content\/uploads\/2025\/10\/Chronique-1-Lettre-a-Cesarine.pdf\">Chronique-1-Lettre-a-Cesarine<\/a><a href=\"https:\/\/influenceurs.ovh\/wp-content\/uploads\/2025\/10\/Chronique-1-Lettre-a-Cesarine.pdf\" class=\"wp-block-file__button wp-element-button\" download aria-describedby=\"wp-block-file--media-d203bdfd-e95b-4031-9413-9f7cb4b02363\">T\u00e9l\u00e9charger<\/a><\/div>\n\n\n\n<p><em>Pour le num\u00e9ro consacr\u00e9 \u00e0 l&rsquo;alimentation, j&rsquo;avais parl\u00e9 des pesticides.<\/em><\/p>\n\n\n\n<div data-wp-interactive=\"\" class=\"wp-block-file\"><object data-wp-bind--hidden=\"!selectors.core.file.hasPdfPreview\" hidden class=\"wp-block-file__embed\" data=\"https:\/\/influenceurs.ovh\/wp-content\/uploads\/2025\/10\/Chronique-2-Les-pesticides.pdf\" type=\"application\/pdf\" style=\"width:100%;height:600px\" aria-label=\"Contenu embarqu\u00e9 Chronique-2-Les-pesticides.\"><\/object><a id=\"wp-block-file--media-1fc0d118-0146-4014-8330-d51720dc0228\" href=\"https:\/\/influenceurs.ovh\/wp-content\/uploads\/2025\/10\/Chronique-2-Les-pesticides.pdf\">Chronique-2-Les-pesticides<\/a><a href=\"https:\/\/influenceurs.ovh\/wp-content\/uploads\/2025\/10\/Chronique-2-Les-pesticides.pdf\" class=\"wp-block-file__button wp-element-button\" download aria-describedby=\"wp-block-file--media-1fc0d118-0146-4014-8330-d51720dc0228\">T\u00e9l\u00e9charger<\/a><\/div>\n\n\n\n<p><em>Avec Camille \u00c9tienne et \u00c9milie Rosso, j&rsquo;avais plong\u00e9 dans le vortex des PFAS.<\/em><\/p>\n\n\n\n<div data-wp-interactive=\"\" class=\"wp-block-file\"><object data-wp-bind--hidden=\"!selectors.core.file.hasPdfPreview\" hidden class=\"wp-block-file__embed\" data=\"https:\/\/influenceurs.ovh\/wp-content\/uploads\/2025\/10\/Chronique-3-Les-PFAS.pdf\" type=\"application\/pdf\" style=\"width:100%;height:600px\" aria-label=\"Contenu embarqu\u00e9 Chronique-3-Les-PFAS.\"><\/object><a id=\"wp-block-file--media-ea8096ee-0c47-4104-96a3-87dfc0d052ba\" href=\"https:\/\/influenceurs.ovh\/wp-content\/uploads\/2025\/10\/Chronique-3-Les-PFAS.pdf\">Chronique-3-Les-PFAS<\/a><a href=\"https:\/\/influenceurs.ovh\/wp-content\/uploads\/2025\/10\/Chronique-3-Les-PFAS.pdf\" class=\"wp-block-file__button wp-element-button\" download aria-describedby=\"wp-block-file--media-ea8096ee-0c47-4104-96a3-87dfc0d052ba\">T\u00e9l\u00e9charger<\/a><\/div>\n\n\n\n<p><em>Apr\u00e8s mon entretien avec <a href=\"https:\/\/influenceurs.ovh\/index.php\/2024\/06\/04\/mode-chloe-brochard-ou-le-made-in-france-comme-evidence\/\">Chlo\u00e9 Brochard<\/a>, j&rsquo;ai eu envie de parler de mon rapport \u00e0 la mode.<\/em><\/p>\n\n\n\n<div data-wp-interactive=\"\" class=\"wp-block-file\"><object data-wp-bind--hidden=\"!selectors.core.file.hasPdfPreview\" hidden class=\"wp-block-file__embed\" data=\"https:\/\/influenceurs.ovh\/wp-content\/uploads\/2025\/10\/Chronique-4-La-mode-ethique.pdf\" type=\"application\/pdf\" style=\"width:100%;height:600px\" aria-label=\"Contenu embarqu\u00e9 Chronique-4-La-mode-ethique.\"><\/object><a id=\"wp-block-file--media-a9d2925c-dbb4-4802-be19-1d91820d63b2\" href=\"https:\/\/influenceurs.ovh\/wp-content\/uploads\/2025\/10\/Chronique-4-La-mode-ethique.pdf\">Chronique-4-La-mode-ethique<\/a><a href=\"https:\/\/influenceurs.ovh\/wp-content\/uploads\/2025\/10\/Chronique-4-La-mode-ethique.pdf\" class=\"wp-block-file__button wp-element-button\" download aria-describedby=\"wp-block-file--media-a9d2925c-dbb4-4802-be19-1d91820d63b2\">T\u00e9l\u00e9charger<\/a><\/div>\n\n\n\n<p><em>Pour les f\u00eates de fin d&rsquo;ann\u00e9e en 2024, c&rsquo;\u00e9tait une chronique d&rsquo;un style un peu diff\u00e9rent.<\/em><\/p>\n\n\n\n<div data-wp-interactive=\"\" class=\"wp-block-file\"><object data-wp-bind--hidden=\"!selectors.core.file.hasPdfPreview\" hidden class=\"wp-block-file__embed\" data=\"https:\/\/influenceurs.ovh\/wp-content\/uploads\/2025\/10\/Chronique-5-Treve-de-Noel.pdf\" type=\"application\/pdf\" style=\"width:100%;height:600px\" aria-label=\"Contenu embarqu\u00e9 Chronique-5-Treve-de-Noel.\"><\/object><a id=\"wp-block-file--media-5508dd0f-2e5b-403a-80b6-31d5d7bbfc95\" href=\"https:\/\/influenceurs.ovh\/wp-content\/uploads\/2025\/10\/Chronique-5-Treve-de-Noel.pdf\">Chronique-5-Treve-de-Noel<\/a><a href=\"https:\/\/influenceurs.ovh\/wp-content\/uploads\/2025\/10\/Chronique-5-Treve-de-Noel.pdf\" class=\"wp-block-file__button wp-element-button\" download aria-describedby=\"wp-block-file--media-5508dd0f-2e5b-403a-80b6-31d5d7bbfc95\">T\u00e9l\u00e9charger<\/a><\/div>\n\n\n\n<p><em>D\u00e9but 2025, la chronique revenait sur l&rsquo;investiture de Donald Trump et \u00e9voquait des combats plus locaux.<\/em><\/p>\n\n\n\n<div data-wp-interactive=\"\" class=\"wp-block-file\"><object data-wp-bind--hidden=\"!selectors.core.file.hasPdfPreview\" hidden class=\"wp-block-file__embed\" data=\"https:\/\/influenceurs.ovh\/wp-content\/uploads\/2025\/10\/Chronique-6-Bonne-annee-2025.pdf\" type=\"application\/pdf\" style=\"width:100%;height:600px\" aria-label=\"Contenu embarqu\u00e9 Chronique-6-Bonne-annee-2025.\"><\/object><a id=\"wp-block-file--media-a986f159-d081-44fe-9075-314771e97431\" href=\"https:\/\/influenceurs.ovh\/wp-content\/uploads\/2025\/10\/Chronique-6-Bonne-annee-2025.pdf\">Chronique-6-Bonne-annee-2025<\/a><a href=\"https:\/\/influenceurs.ovh\/wp-content\/uploads\/2025\/10\/Chronique-6-Bonne-annee-2025.pdf\" class=\"wp-block-file__button wp-element-button\" download aria-describedby=\"wp-block-file--media-a986f159-d081-44fe-9075-314771e97431\">T\u00e9l\u00e9charger<\/a><\/div>\n\n\n\n<p><em>Au printemps 2025, c&rsquo;\u00e9tait l&rsquo;explosion de mon anxi\u00e9t\u00e9&#8230;<\/em><\/p>\n\n\n\n<div data-wp-interactive=\"\" class=\"wp-block-file\"><object data-wp-bind--hidden=\"!selectors.core.file.hasPdfPreview\" hidden class=\"wp-block-file__embed\" data=\"https:\/\/influenceurs.ovh\/wp-content\/uploads\/2025\/10\/Chronique-7-Le-printemps-de-lanxiete-generalisee.pdf\" type=\"application\/pdf\" style=\"width:100%;height:600px\" aria-label=\"Contenu embarqu\u00e9 Chronique-7-Le-printemps-de-lanxiete-generalisee.\"><\/object><a id=\"wp-block-file--media-419b75a3-0721-46a5-b9b9-e1f9a4ced937\" href=\"https:\/\/influenceurs.ovh\/wp-content\/uploads\/2025\/10\/Chronique-7-Le-printemps-de-lanxiete-generalisee.pdf\">Chronique-7-Le-printemps-de-lanxiete-generalisee<\/a><a href=\"https:\/\/influenceurs.ovh\/wp-content\/uploads\/2025\/10\/Chronique-7-Le-printemps-de-lanxiete-generalisee.pdf\" class=\"wp-block-file__button wp-element-button\" download aria-describedby=\"wp-block-file--media-419b75a3-0721-46a5-b9b9-e1f9a4ced937\">T\u00e9l\u00e9charger<\/a><\/div>\n\n\n\n<p><em>Au d\u00e9but de l&rsquo;\u00e9t\u00e9 2025, j&rsquo;ai essay\u00e9 de cultiver la gratitude.<\/em><\/p>\n\n\n\n<div data-wp-interactive=\"\" class=\"wp-block-file\"><object data-wp-bind--hidden=\"!selectors.core.file.hasPdfPreview\" hidden class=\"wp-block-file__embed\" data=\"https:\/\/influenceurs.ovh\/wp-content\/uploads\/2025\/10\/Chronique-8-Gratitudes.pdf\" type=\"application\/pdf\" style=\"width:100%;height:600px\" aria-label=\"Contenu embarqu\u00e9 Chronique-8-Gratitudes.\"><\/object><a id=\"wp-block-file--media-de0cb9cf-38db-4052-ab99-6047f532017a\" href=\"https:\/\/influenceurs.ovh\/wp-content\/uploads\/2025\/10\/Chronique-8-Gratitudes.pdf\">Chronique-8-Gratitudes<\/a><a href=\"https:\/\/influenceurs.ovh\/wp-content\/uploads\/2025\/10\/Chronique-8-Gratitudes.pdf\" class=\"wp-block-file__button wp-element-button\" download aria-describedby=\"wp-block-file--media-de0cb9cf-38db-4052-ab99-6047f532017a\">T\u00e9l\u00e9charger<\/a><\/div>\n","protected":false},"excerpt":{"rendered":"<p>Pour le Gobelin magazine, j&rsquo;ai \u00e9crit \u00ab La chronique de l&rsquo;\u00e9co-anxieuse \u00bb pendant quelques mois. D\u00e9couvrez-les ici ! Ma premi\u00e8re chronique \u00e9tait une lettre \u00e0 ma fille. Pour le num\u00e9ro consacr\u00e9 \u00e0 l&rsquo;alimentation, j&rsquo;avais parl\u00e9 des pesticides. Avec Camille \u00c9tienne et \u00c9milie Rosso, j&rsquo;avais plong\u00e9 dans le vortex des PFAS. Apr\u00e8s mon entretien avec Chlo\u00e9 Brochard, j&rsquo;ai eu envie de parler de mon rapport \u00e0 la mode. Pour les f\u00eates de fin d&rsquo;ann\u00e9e en 2024, c&rsquo;\u00e9tait une chronique d&rsquo;un style un peu diff\u00e9rent. D\u00e9but 2025, la chronique revenait sur l&rsquo;investiture de Donald Trump et \u00e9voquait des combats plus locaux. Au printemps 2025, c&rsquo;\u00e9tait l&rsquo;explosion de mon anxi\u00e9t\u00e9&#8230; Au d\u00e9but de l&rsquo;\u00e9t\u00e9 2025, j&rsquo;ai essay\u00e9 de cultiver la gratitude.<\/p>\n","protected":false},"author":1,"featured_media":0,"parent":0,"menu_order":0,"comment_status":"closed","ping_status":"closed","template":"","meta":{"footnotes":""},"_links":{"self":[{"href":"https:\/\/influenceurs.ovh\/index.php\/wp-json\/wp\/v2\/pages\/187"}],"collection":[{"href":"https:\/\/influenceurs.ovh\/index.php\/wp-json\/wp\/v2\/pages"}],"about":[{"href":"https:\/\/influenceurs.ovh\/index.php\/wp-json\/wp\/v2\/types\/page"}],"author":[{"embeddable":true,"href":"https:\/\/influenceurs.ovh\/index.php\/wp-json\/wp\/v2\/users\/1"}],"replies":[{"embeddable":true,"href":"https:\/\/influenceurs.ovh\/index.php\/wp-json\/wp\/v2\/comments?post=187"}],"version-history":[{"count":4,"href":"https:\/\/influenceurs.ovh\/index.php\/wp-json\/wp\/v2\/pages\/187\/revisions"}],"predecessor-version":[{"id":199,"href":"https:\/\/influenceurs.ovh\/index.php\/wp-json\/wp\/v2\/pages\/187\/revisions\/199"}],"wp:attachment":[{"href":"https:\/\/influenceurs.ovh\/index.php\/wp-json\/wp\/v2\/media?parent=187"}],"curies":[{"name":"wp","href":"https:\/\/api.w.org\/{rel}","templated":true}]}}