{"id":2,"date":"2024-02-29T13:12:24","date_gmt":"2024-02-29T12:12:24","guid":{"rendered":"http:\/\/influenceurs.ovh\/?page_id=2"},"modified":"2024-04-09T20:36:39","modified_gmt":"2024-04-09T18:36:39","slug":"origines","status":"publish","type":"page","link":"https:\/\/influenceurs.ovh\/index.php\/origines\/","title":{"rendered":"2021 : les origines"},"content":{"rendered":"\n<p class=\"has-ibm-plex-sans-font-family\"><strong>Un soir de 2021, encore en pleine crise sanitaire, apr\u00e8s avoir consult\u00e9 Instagram, une sourde col\u00e8re s&rsquo;est empar\u00e9e de moi. J&rsquo;avais besoin de l&rsquo;ext\u00e9rioriser et voici ce que j&rsquo;avais alors \u00e9crit. De cette col\u00e8re na\u00eetrait l&rsquo;id\u00e9e de ces portraits, et de ce blog pour les partager. Et c&rsquo;est finalement bient\u00f4t 3 ans plus tard que cela se concr\u00e9tise, gr\u00e2ce au magazine du Gobelin.<\/strong><\/p>\n\n\n\n<blockquote class=\"wp-block-quote is-style-default\">\n<p class=\"has-ibm-plex-sans-font-family\"><em>Mais dans quel monde vit-on pour que certains soient pay\u00e9s pour se prendre en photo, eux, leur bouffe, leur chat, chien, enfant, arc-en-ciel, nuage gris, plage beige, pour que certains soient pay\u00e9s pour donner leur avis sur tout, nous dire ce qu\u2019on devrait acheter en nous faisant croire que notre vie ressemblera ensuite \u00e0 un parfait profil Insta aux filtres de vie artificielle, pendant que d\u2019autres cr\u00e8vent de froid et de faim dans la rue, ou triment comme des dingues pour nourrir leurs gosses sans r\u00e9ussir \u00e0 boucler les fins de mois et vivre d\u00e9cemment ?<\/em><\/p>\n\n\n\n<p class=\"has-ibm-plex-sans-font-family\"><em>Qu\u2019est-ce que c\u2019est que ce monde de cons o\u00f9 on adule des gens qui font des vid\u00e9os de 30 secondes avec un effet \u00e0 la con o\u00f9 on les voit changer de tenue, d\u00e9corer un sapin de No\u00ebl, j\u2019en passe et des meilleures, pendant que les soignants luttent contre la Covid depuis un an sans pouvoir prendre de cong\u00e9s alors que les gens, \u00e9go\u00efstes, ne pensent qu\u2019au fait que \u201coh mon dieu, je peux m\u00eame plus prendre l\u2019ap\u00e9ro avec mes potes en terrasse, putain\u201d. Les gens ont besoin de l\u00e9g\u00e8ret\u00e9 ? De r\u00eaver ? Levez le nez de vos \u00e9crans et regardez vos enfants jouer, un bout de ciel bleu, parenth\u00e8se enchant\u00e9e. Pour r\u00eaver, suivez les initiatives des femmes et des hommes qui se r\u00e9inventent pour sauver le monde, qu\u2019on est en train de tuer, en consommant toujours plus parce qu\u2019un jeune qui n\u2019a jamais rien fait d\u2019autre que se cr\u00e9er un profil Instagram vous a dit d\u2019acheter. Et c\u2019est celui-l\u00e0 m\u00eame qui viendra vous faire la le\u00e7on si vous osez critiquer son \u201cm\u00e9tier\u201d parce que vous, monsieur, madame, vous n\u2019avez rien compris \u00e0 son travail, \u00e0 ce que \u00e7a lui demande comme temps, comme investissement ?<\/em><\/p>\n\n\n\n<p class=\"has-ibm-plex-sans-font-family\"><em>Non mais vraiment, dans quel monde vit-on quand \u201cces gens-l\u00e0\u201d ont plus d\u2019importance et d\u2019impact que des gens bienveillants qui, jour apr\u00e8s jour, essaient de faire bouger les choses \u00e0 leur fa\u00e7on. Comme deux amies dans le Ternois qui essaient d\u2019\u00e9veiller les consciences et invitent chacun \u00e0 repenser sa fa\u00e7on de faire au quotidien. Sans injonction. Sans jugement. Comme une m\u00e8re de famille qui se tue le c\u0153ur et le cerveau \u00e0 petit feu \u00e0 son boulot qui la plombe mais trouve encore en rentrant chez elle le soir le courage et surtout l\u2019envie de transmettre le meilleur \u00e0 ses filles. Comme des b\u00e9n\u00e9voles qui trouvent le temps de s\u2019occuper des exil\u00e9(e)s et partagent avec eux amour et fraternit\u00e9. Comme ces exil\u00e9(e)s qui ont eu le courage de traverser l\u2019horreur pour quitter l\u2019enfer et qui nous donnent, eux aussi, plus que ce qu\u2019ils n\u2019ont.<\/em><\/p>\n\n\n\n<p class=\"has-ibm-plex-sans-font-family\"><em>Suis-je une jeune vieille r\u00e9ac de 33 ans qui n\u2019a rien compris \u00e0 la vie ? Au monde \u201cmoderne\u201d qui l\u2019entoure ? Qui ose critiquer tous ces \u201cinfluenceurs\u201d \u00f4 combien sacr\u00e9s ? Ces \u201cinfluenceurs\u201d qui d\u00e9signent leur \u201ccommunaut\u00e9\u201d comme une meute de chiens fid\u00e8les et bien dress\u00e9s, pr\u00eats \u00e0 colorer le c\u0153ur \u00e0 la moindre publication, assurant des revenus \u00e0 son ma\u00eetre.<\/em><\/p>\n\n\n\n<p class=\"has-ibm-plex-sans-font-family\"><em>Suis-je vraiment la seule \u00e0 penser que tout \u00e7a ne rime \u00e0 rien ? Qui s\u2019insurge face \u00e0 ce ph\u00e9nom\u00e8ne incroyable qui fait que 15 secondes d\u2019images de fringues, bouffe, d\u00e9lire perso, ont plus de port\u00e9e que les messages de ceux qui veulent faire changer le monde ?<\/em><\/p>\n<\/blockquote>\n\n\n<div class=\"wp-block-post-author-name\">G. D.<\/div>","protected":false},"excerpt":{"rendered":"<p>Un soir de 2021, encore en pleine crise sanitaire, apr\u00e8s avoir consult\u00e9 Instagram, une sourde col\u00e8re s&rsquo;est empar\u00e9e de moi. J&rsquo;avais besoin de l&rsquo;ext\u00e9rioriser et voici ce que j&rsquo;avais alors \u00e9crit. De cette col\u00e8re na\u00eetrait l&rsquo;id\u00e9e de ces portraits, et de ce blog pour les partager. Et c&rsquo;est finalement bient\u00f4t 3 ans plus tard que cela se concr\u00e9tise, gr\u00e2ce au magazine du Gobelin. Mais dans quel monde vit-on pour que certains soient pay\u00e9s pour se prendre en photo, eux, leur bouffe, leur chat, chien, enfant, arc-en-ciel, nuage gris, plage beige, pour que certains soient pay\u00e9s pour donner leur avis sur tout, nous dire ce qu\u2019on devrait acheter en nous faisant croire que notre vie ressemblera ensuite \u00e0 un parfait profil Insta aux filtres de vie artificielle, pendant que d\u2019autres cr\u00e8vent de froid et de faim dans la rue, ou triment comme des dingues pour nourrir leurs gosses sans r\u00e9ussir \u00e0 boucler les fins de mois et vivre d\u00e9cemment ? Qu\u2019est-ce que c\u2019est que ce monde de cons o\u00f9 on adule des gens qui font des vid\u00e9os de 30 secondes avec un effet \u00e0 la con o\u00f9 on les voit changer de tenue, d\u00e9corer un sapin de No\u00ebl, j\u2019en passe et des meilleures, pendant que les soignants luttent contre la Covid depuis un an sans pouvoir prendre de cong\u00e9s alors que les gens, \u00e9go\u00efstes, ne pensent qu\u2019au fait que \u201coh mon dieu, je peux m\u00eame plus prendre l\u2019ap\u00e9ro avec mes potes en terrasse, putain\u201d. Les gens ont besoin de l\u00e9g\u00e8ret\u00e9 ? De r\u00eaver ? Levez le nez de vos \u00e9crans et regardez vos enfants jouer, un bout de ciel bleu, parenth\u00e8se enchant\u00e9e. Pour r\u00eaver, suivez les initiatives des femmes et des hommes qui se r\u00e9inventent pour sauver le monde, qu\u2019on est en train de tuer, en consommant toujours plus parce qu\u2019un jeune qui n\u2019a jamais rien fait d\u2019autre que se cr\u00e9er un profil Instagram vous a dit d\u2019acheter. Et c\u2019est celui-l\u00e0 m\u00eame qui viendra vous faire la le\u00e7on si vous osez critiquer son \u201cm\u00e9tier\u201d parce que vous, monsieur, madame, vous n\u2019avez rien compris \u00e0 son travail, \u00e0 ce que \u00e7a lui demande comme temps, comme investissement ? Non mais vraiment, dans quel monde vit-on quand \u201cces gens-l\u00e0\u201d ont plus d\u2019importance et d\u2019impact que des gens bienveillants qui, jour apr\u00e8s jour, essaient de faire bouger les choses \u00e0 leur fa\u00e7on. Comme deux amies dans le Ternois qui essaient d\u2019\u00e9veiller les consciences et invitent chacun \u00e0 repenser sa fa\u00e7on de faire au quotidien. Sans injonction. Sans jugement. Comme une m\u00e8re de famille qui se tue le c\u0153ur et le cerveau \u00e0 petit feu \u00e0 son boulot qui la plombe mais trouve encore en rentrant chez elle le soir le courage et surtout l\u2019envie de transmettre le meilleur \u00e0 ses filles. Comme des b\u00e9n\u00e9voles qui trouvent le temps de s\u2019occuper des exil\u00e9(e)s et partagent avec eux amour et fraternit\u00e9. Comme ces exil\u00e9(e)s qui ont eu le courage de traverser l\u2019horreur pour quitter l\u2019enfer et qui nous donnent, eux aussi, plus que ce qu\u2019ils n\u2019ont. Suis-je une jeune vieille r\u00e9ac de 33 ans qui n\u2019a rien compris \u00e0 la vie ? Au monde \u201cmoderne\u201d qui l\u2019entoure ? Qui ose critiquer tous ces \u201cinfluenceurs\u201d \u00f4 combien sacr\u00e9s ? Ces \u201cinfluenceurs\u201d qui d\u00e9signent leur \u201ccommunaut\u00e9\u201d comme une meute de chiens fid\u00e8les et bien dress\u00e9s, pr\u00eats \u00e0 colorer le c\u0153ur \u00e0 la moindre publication, assurant des revenus \u00e0 son ma\u00eetre. Suis-je vraiment la seule \u00e0 penser que tout \u00e7a ne rime \u00e0 rien ? Qui s\u2019insurge face \u00e0 ce ph\u00e9nom\u00e8ne incroyable qui fait que 15 secondes d\u2019images de fringues, bouffe, d\u00e9lire perso, ont plus de port\u00e9e que les messages de ceux qui veulent faire changer le monde ?<\/p>\n","protected":false},"author":1,"featured_media":0,"parent":0,"menu_order":0,"comment_status":"closed","ping_status":"open","template":"","meta":{"footnotes":""},"_links":{"self":[{"href":"https:\/\/influenceurs.ovh\/index.php\/wp-json\/wp\/v2\/pages\/2"}],"collection":[{"href":"https:\/\/influenceurs.ovh\/index.php\/wp-json\/wp\/v2\/pages"}],"about":[{"href":"https:\/\/influenceurs.ovh\/index.php\/wp-json\/wp\/v2\/types\/page"}],"author":[{"embeddable":true,"href":"https:\/\/influenceurs.ovh\/index.php\/wp-json\/wp\/v2\/users\/1"}],"replies":[{"embeddable":true,"href":"https:\/\/influenceurs.ovh\/index.php\/wp-json\/wp\/v2\/comments?post=2"}],"version-history":[{"count":4,"href":"https:\/\/influenceurs.ovh\/index.php\/wp-json\/wp\/v2\/pages\/2\/revisions"}],"predecessor-version":[{"id":24,"href":"https:\/\/influenceurs.ovh\/index.php\/wp-json\/wp\/v2\/pages\/2\/revisions\/24"}],"wp:attachment":[{"href":"https:\/\/influenceurs.ovh\/index.php\/wp-json\/wp\/v2\/media?parent=2"}],"curies":[{"name":"wp","href":"https:\/\/api.w.org\/{rel}","templated":true}]}}